{"id":69,"date":"2025-05-02T10:14:36","date_gmt":"2025-05-02T10:14:36","guid":{"rendered":"https:\/\/ffu.is\/?page_id=69"},"modified":"2025-09-30T18:22:57","modified_gmt":"2025-09-30T18:22:57","slug":"starfandi-foreldra-og-uppeldisradgjafar","status":"publish","type":"page","link":"https:\/\/ffu.is\/?page_id=69","title":{"rendered":"Starfandi foreldra- og uppeldisfr\u00e6\u00f0ingar"},"content":{"rendered":"\n<h2 class=\"wp-block-heading\">Starfandi foreldra- og uppeldisr\u00e1\u00f0gjafar<\/h2>\n\n\n\n<figure class=\"wp-block-table is-style-stripes\"><table style=\"border-style:none;border-width:0px\"><tbody><tr><td>Ald\u00eds Au\u00f0bj\u00f6rg Gar\u00f0arsd\u00f3ttir<\/td><td>aag@hi.is<\/td><\/tr><tr><td>Agnes Sif Agnarsd\u00f3ttir<\/td><td>agnersagnars@gmail.com<\/td><\/tr><tr><td>Anna Lilja Einarsd\u00f3ttir<\/td><td><br><\/td><\/tr><tr><td>Anna Mar\u00eda \u00d6rn\u00f3lfsd\u00f3ttir<\/td><td><br><\/td><\/tr><tr><td>Au\u00f0ur Sif Arnard\u00f3ttir<\/td><td>audur.s.arnardottir@rgr.is<\/td><\/tr><tr><td>\u00c1r\u00f3ra Huld<\/td><td>arorah@simnet.is<\/td><\/tr><tr><td>Edda R\u00f3sa Gunnarsd\u00f3ttir<\/td><td>eddarosa@hjalli.is<\/td><\/tr><tr><td>El\u00edsabet J\u00f3nsd\u00f3ttir<\/td><td>betavarmadal@gmail.com<\/td><\/tr><tr><td>Elsa Valborg Sveind\u00f3ttir<\/td><td>elsaborgs@gmail.com<\/td><\/tr><tr><td>Gu\u00f0bj\u00f6rg Fj\u00f3la Hannesd\u00f3ttir<\/td><td><br><\/td><\/tr><tr><td>Hafd\u00eds Birna Gu\u00f0mundsd\u00f3ttir<\/td><td><br><\/td><\/tr><tr><td>Helena Rut Sigur\u00f0ard\u00f3ttir<\/td><td>helenarut76@gmail.com<\/td><\/tr><tr><td>Krist\u00edn Bj\u00f6rg Vigg\u00f3sd\u00f3ttir<\/td><td>kristin@tengslasetur.is<\/td><\/tr><tr><td>Lilja D\u00f6gg Gylfad\u00f3ttir<\/td><td>liljad74@gmail.com<\/td><\/tr><tr><td>P\u00e1la Margr\u00e9t Gunnarsd\u00f3ttir<\/td><td>pmg@hi.is<\/td><\/tr><tr><td>Ragnhildur Gunnlaugsd\u00f3ttir<\/td><td>Ragnhildurg72@gmail.com<\/td><\/tr><tr><td>Rakel Gu\u00f0bj\u00f6rnsd\u00f3ttir<\/td><td>rakel@foreldrafraedsla.is<\/td><\/tr><tr><td>Sigr\u00fan Helgad\u00f3ttir<\/td><td><br><\/td><\/tr><tr><td>Sigurhanna Bj\u00f6rg Hjartard\u00f3ttir<\/td><td><br><\/td><\/tr><tr><td>S\u00f3lveig R\u00f3s M\u00e1sd\u00f3ttir<\/td><td>solveigros@gmail.com<\/td><\/tr><tr><td>Sunna J\u00f3nsd\u00f3ttir<\/td><td><br><\/td><\/tr><tr><td>Unnur T\u00f3masd\u00f3ttir<\/td><td>unnur.tomasdottir@gmail.com<\/td><\/tr><tr><td>Valger\u00f0ur J\u00f3nsd\u00f3ttir<\/td><td><br><\/td><\/tr><tr><td>\u00de\u00f3rey Huld J\u00f3nsd\u00f3ttir<\/td><td>thoreyhuld@gmail.com<\/td><\/tr><\/tbody><\/table><\/figure>\n","protected":false},"excerpt":{"rendered":"<p>Starfandi foreldra- og uppeldisr\u00e1\u00f0gjafar Ald\u00eds Au\u00f0bj\u00f6rg Gar\u00f0arsd\u00f3ttir aag@hi.is Agnes Sif Agnarsd\u00f3ttir agnersagnars@gmail.com Anna Lilja Einarsd\u00f3ttir Anna Mar\u00eda \u00d6rn\u00f3lfsd\u00f3ttir Au\u00f0ur Sif Arnard\u00f3ttir audur.s.arnardottir@rgr.is \u00c1r\u00f3ra Huld arorah@simnet.is Edda R\u00f3sa Gunnarsd\u00f3ttir eddarosa@hjalli.is El\u00edsabet J\u00f3nsd\u00f3ttir betavarmadal@gmail.com Elsa Valborg Sveind\u00f3ttir elsaborgs@gmail.com Gu\u00f0bj\u00f6rg Fj\u00f3la Hannesd\u00f3ttir Hafd\u00eds Birna Gu\u00f0mundsd\u00f3ttir Helena Rut Sigur\u00f0ard\u00f3ttir helenarut76@gmail.com Krist\u00edn Bj\u00f6rg Vigg\u00f3sd\u00f3ttir kristin@tengslasetur.is Lilja D\u00f6gg Gylfad\u00f3ttir liljad74@gmail.com P\u00e1la [&hellip;]<\/p>\n","protected":false},"author":1,"featured_media":0,"parent":0,"menu_order":0,"comment_status":"closed","ping_status":"closed","template":"","meta":{"footnotes":""},"class_list":["post-69","page","type-page","status-publish","hentry"],"_links":{"self":[{"href":"https:\/\/ffu.is\/index.php?rest_route=\/wp\/v2\/pages\/69","targetHints":{"allow":["GET"]}}],"collection":[{"href":"https:\/\/ffu.is\/index.php?rest_route=\/wp\/v2\/pages"}],"about":[{"href":"https:\/\/ffu.is\/index.php?rest_route=\/wp\/v2\/types\/page"}],"author":[{"embeddable":true,"href":"https:\/\/ffu.is\/index.php?rest_route=\/wp\/v2\/users\/1"}],"replies":[{"embeddable":true,"href":"https:\/\/ffu.is\/index.php?rest_route=%2Fwp%2Fv2%2Fcomments&post=69"}],"version-history":[{"count":5,"href":"https:\/\/ffu.is\/index.php?rest_route=\/wp\/v2\/pages\/69\/revisions"}],"predecessor-version":[{"id":98,"href":"https:\/\/ffu.is\/index.php?rest_route=\/wp\/v2\/pages\/69\/revisions\/98"}],"wp:attachment":[{"href":"https:\/\/ffu.is\/index.php?rest_route=%2Fwp%2Fv2%2Fmedia&parent=69"}],"curies":[{"name":"wp","href":"https:\/\/api.w.org\/{rel}","templated":true}]}}